{"id":9920,"date":"2016-08-29T19:49:05","date_gmt":"2016-08-29T17:49:05","guid":{"rendered":"https:\/\/beta.optik-sport-shop.at\/?post_type=product&#038;p=9920"},"modified":"2025-10-03T11:55:51","modified_gmt":"2025-10-03T09:55:51","slug":"carte-de-bucate-si-mai-multi-vanatori-gatesc-salbatic","status":"publish","type":"product","link":"https:\/\/ddoptics.shop\/ro\/kaufen\/kochbuch-noch-mehr-jaeger-kochen-wild\/","title":{"rendered":"Carte de bucate: \u0219i mai mul\u021bi v\u00e2n\u0103tori g\u0103tesc v\u00e2nat"},"content":{"rendered":"<h2 class=\"ncTitle\"><span class=\"ncTitleSub\"><span class=\"oSubTitle\">Carte de bucate Volumul 2: Mai multe re\u021bete \u0219i anecdote de la v\u00e2n\u0103tori pasiona\u021bi<\/span><\/span><\/h2>\n<p><strong>Re\u021bete de v\u00e2n\u0103tori pentru v\u00e2n\u0103tori<\/strong> \u0219i al\u021bi iubitori de v\u00e2nat! \u0218i este adev\u0103rat, din ce \u00een ce mai mul\u021bi v\u00e2n\u0103tori v\u00e2neaz\u0103 pentru oala de g\u0103tit.<\/p>\n<p>Dac\u0103 v\u00e2n\u0103torii entuzia\u0219ti doresc acum s\u0103<strong> Prepararea m\u00e2nc\u0103rurilor preferate de v\u00e2nat<\/strong> \u00een oalele respective, pe degetele lor \u0219i \u00een ascunz\u0103torile lor private, te face curios - a\u0219a cum a dovedit volumul 1 de Lisa Lensing \u0219i Joseph Gasteiger-Rabenstein.<\/p>\n<p>Aceasta <strong>Succesul c\u0103r\u021bii de bucate cere o continuare<\/strong>. Aceasta este a doua oar\u0103 c\u00e2nd invit\u0103m v\u00e2n\u0103tori de renume \u00een buc\u0103t\u0103riile noastre! <strong>Aproximativ 60 de re\u021bete cu v\u00e2nat deschid apetitul pentru v\u00e2nat<\/strong>, \u00cenc\u0103 o dat\u0103, v\u00e2n\u0103tori renumi\u021bi din aristocra\u021bie, afaceri \u0219i organiza\u021bii de v\u00e2n\u0103toare din Austria \u0219i Germania vor fi ademeni\u021bi la buc\u0103tar. \u0218i, bine\u00een\u021beles, vor fi o mul\u021bime de pove\u0219ti despre v\u00e2n\u0103toare \u0219i un pic de b\u00e2rfe v\u00e2n\u0103tore\u0219ti.<\/p>\n<p><strong>Nu to\u021bi v\u00e2n\u0103torii sunt \u0219i buc\u0103tari (pasiona\u021bi)<\/strong> - \u0219i cu siguran\u021b\u0103 nu invers! Cu toate acestea <strong>Re\u021bete creative de la profesioni\u0219ti \u00een buc\u0103t\u0103ria de v\u00e2n\u0103toare<\/strong> \u201eal doilea curs\u201c. De exemplu, Katharina Foidl (cea mai t\u00e2n\u0103r\u0103 femeie buc\u0103tar din Austria) \u00ee\u0219i dezv\u0103luie secretele s\u0103lbatice. Kathi Schneider, directorul general al Habsburg Kleidermanufaktur, nu numai c\u0103 are fler pentru mod\u0103, ci \u0219i pentru prepararea m\u00e2nc\u0103rurilor din v\u00e2nat.<\/p>\n<p>Profesioni\u0219ti ai v\u00e2n\u0103torii precum Hartwig Fischer (pre\u0219edintele Asocia\u021biei Germane de V\u00e2n\u0103toare) \u0219i Ferdinand Gorton (maestru de v\u00e2n\u0103toare al statului Carintia) \u00ee\u0219i vor demonstra abilit\u0103\u021bile \u00een buc\u0103t\u0103rie, la fel ca Philipp Prinz von Thurn und Taxis \u0219i contele Alexander Kottlinsky.<\/p>\n<p>The <strong>Specialit\u0103\u021bi din re\u021bete de v\u00e2nat<\/strong> variaz\u0103 de la \u0219a de c\u0103prioar\u0103 roz \u00eentr-o hain\u0103 de p\u00e2ine la c\u00e2rna\u021bi din ficat s\u0103lbatic \u0219i mistre\u021b fript rustic cu g\u0103lu\u0219te de p\u00e2ine \u0219i suc. <strong>Pot\u00e2rniche, prepeli\u021b\u0103 \u0219i beca\u021bic\u0103<\/strong> nu ar trebui s\u0103 lipseasc\u0103 din meniul rafinat al naturii.<\/p>\n<p>Autorii: Lisa Lensing este ea \u00eens\u0103\u0219i o v\u00e2n\u0103toare. Paul Lensing lucreaz\u0103 \u00een principal \u00een domeniul sustenabilit\u0103\u021bii \u0219i consider\u0103 v\u00e2natul ca fiind hrana perfect\u0103. Joseph Gasteiger-Rabenstein cunoa\u0219te <strong>V\u00e2n\u0103toarea ca tradi\u021bie de familie<\/strong> \u0219i practic\u0103 fotografia de mult timp \u00een paralel cu munca sa de zi cu zi \u00een industria imobiliar\u0103.<\/p>\n<h3>A doua carte de bucate pentru jocuri urmeaz\u0103 dup\u0103 prima edi\u021bie de succes<\/h3>\n<p>Am cump\u0103rat volumul 1 anul trecut \u0219i ne-a pl\u0103cut. \u00cen <strong>Autorii de c\u0103r\u021bi de bucate au explorat subiectul v\u00e2natului \u0219i contextul v\u00e2n\u0103torii<\/strong> perfect luminate de anecdotele personale de v\u00e2n\u0103toare. Chiar \u0219i \u00een calitate de non-hunter, ve\u021bi ob\u021bine o perspectiv\u0103 foarte reu\u0219it\u0103 asupra lumii v\u00e2n\u0103torii.<\/p>\n<p>The <strong>M\u00e2nc\u0103rurile de v\u00e2nat sunt frumos prezentate<\/strong> iar oamenii care le preg\u0103tesc sunt frumos prezenta\u021bi \u00een lumina potrivit\u0103.<\/p>\n<p>The <strong>Follow-up carte de bucate volumul 2 poate concura cu u\u0219urin\u021b\u0103 cu carte de bucate volumul 1<\/strong> include. Este un plus minunat, at\u00e2t \u00een ceea ce prive\u0219te buc\u0103t\u0103ria, c\u00e2t \u0219i oamenii. Am citit cartea \u00eentr-o s\u0103pt\u0103m\u00e2n\u0103 \u0219i am g\u0103tit deja cu succes c\u00e2teva feluri de m\u00e2ncare. Fiind mari fani ai gr\u0103tarelor, am fost \u00eenc\u00e2nta\u021bi \u0219i de paginile suplimentare despre \u201cJocul la gr\u0103tar\u201d. Concluzie: Cartea este foarte recomandat\u0103.<\/p>","protected":false},"excerpt":{"rendered":"<h3>A doua carte de bucate: \u0219i mai mul\u021bi v\u00e2n\u0103tori g\u0103tesc v\u00e2nat<\/h3>\n<h4>de la \u20ac 39,90<\/h4>\n<p>Pentru a cump\u0103ra de la:<\/p>\n<a href=\"https:\/\/www.amazon.de\/gp\/product\/3702014187\/ref=as_li_tl?ie=UTF8&#038;camp=1638&#038;creative=19454&#038;creativeASIN=3702014187&#038;linkCode=as2&#038;tag=optsposho-21&#038;linkId=RV2EPFSB3VWPZSFT\" target=\"_blank\" class=\"button success is-success is-medium\" rel=\"nofollow noopener\" >\n\t\t<span>Amazon<\/span>\n\t<\/a>\n\n<a href=\"http:\/\/ad.zanox.com\/ppc\/?30283886C42456355&#038;ULP=http:\/\/www.thalia.de\/shop\/home\/suchartikel\/noch_mehr_jaeger_kochen_wild_band_2\/lisa_lensing\/ISBN3-7020-1418-7\/ID33975881.html?fftrk=1%3A1%3A10%3A10%3A1&#038;jumpId=3946928&#038;ProvID=10911378\" target=\"_blank\" class=\"button success is-success is-medium\" rel=\"nofollow noopener\" >\n\t\t<span>THALIA GERMANIA<\/span>\n\t<\/a>\n\n<a class=\"button success is-success is-medium\" rel=\"nofollow\" >\n\t\t<span>THALIA AUSTRIA<\/span>\n\t<\/a>","protected":false},"featured_media":9921,"comment_status":"open","ping_status":"closed","template":"","meta":{"inline_featured_image":false,"footnotes":""},"product_brand":[],"product_cat":[74],"product_tag":[422,425],"class_list":{"0":"post-9920","1":"product","2":"type-product","3":"status-publish","4":"has-post-thumbnail","6":"product_cat-buchtipps-buecher","7":"product_tag-buchtipp","8":"product_tag-wild-kochbuch","10":"first","11":"instock","12":"taxable","13":"shipping-taxable","14":"product-type-simple"},"bundled_by":[],"bundle_stock_status":"instock","bundle_stock_quantity":null,"bundle_virtual":false,"bundle_layout":"","bundle_add_to_cart_form_location":"","bundle_editable_in_cart":false,"bundle_sold_individually_context":"","bundle_item_grouping":"","bundle_min_size":"","bundle_max_size":"","bundle_price":[],"bundled_items":[],"bundle_sell_ids":[],"_links":{"self":[{"href":"https:\/\/ddoptics.shop\/ro\/wp-json\/wp\/v2\/product\/9920","targetHints":{"allow":["GET"]}}],"collection":[{"href":"https:\/\/ddoptics.shop\/ro\/wp-json\/wp\/v2\/product"}],"about":[{"href":"https:\/\/ddoptics.shop\/ro\/wp-json\/wp\/v2\/types\/product"}],"replies":[{"embeddable":true,"href":"https:\/\/ddoptics.shop\/ro\/wp-json\/wp\/v2\/comments?post=9920"}],"version-history":[{"count":1,"href":"https:\/\/ddoptics.shop\/ro\/wp-json\/wp\/v2\/product\/9920\/revisions"}],"predecessor-version":[{"id":29107,"href":"https:\/\/ddoptics.shop\/ro\/wp-json\/wp\/v2\/product\/9920\/revisions\/29107"}],"wp:featuredmedia":[{"embeddable":true,"href":"https:\/\/ddoptics.shop\/ro\/wp-json\/wp\/v2\/media\/9921"}],"wp:attachment":[{"href":"https:\/\/ddoptics.shop\/ro\/wp-json\/wp\/v2\/media?parent=9920"}],"wp:term":[{"taxonomy":"product_brand","embeddable":true,"href":"https:\/\/ddoptics.shop\/ro\/wp-json\/wp\/v2\/product_brand?post=9920"},{"taxonomy":"product_cat","embeddable":true,"href":"https:\/\/ddoptics.shop\/ro\/wp-json\/wp\/v2\/product_cat?post=9920"},{"taxonomy":"product_tag","embeddable":true,"href":"https:\/\/ddoptics.shop\/ro\/wp-json\/wp\/v2\/product_tag?post=9920"}],"curies":[{"name":"wp","href":"https:\/\/api.w.org\/{rel}","templated":true}]}}