{"id":9922,"date":"2016-08-29T20:16:29","date_gmt":"2016-08-29T18:16:29","guid":{"rendered":"https:\/\/beta.optik-sport-shop.at\/kaufen\/kochbuch-jaeger-kochen-wild"},"modified":"2025-10-03T11:55:00","modified_gmt":"2025-10-03T09:55:00","slug":"carte-de-bucate-jaeger-gatit-salbatic","status":"publish","type":"product","link":"https:\/\/ddoptics.shop\/ro\/kaufen\/kochbuch-jaeger-kochen-wild\/","title":{"rendered":"Carte de bucate: V\u00e2n\u0103torii g\u0103tesc v\u00e2nat"},"content":{"rendered":"<h2>Celebrit\u0103\u021bile v\u0103 invit\u0103 la o unitate de castron cu carte de bucate<\/h2>\n<p><strong>V\u00e2n\u0103tori proeminen\u021bi<\/strong> g\u0103tesc pentru tine. Cele <strong>Carte de bucate de v\u00e2n\u0103toare<\/strong> cu efect de privire lateral\u0103: <strong>V\u00e2n\u0103tori austrieci proeminen\u021bi<\/strong> dezv\u0103luie re\u021betele lor preferate de v\u00e2nat, \u201ccondimentate\u201d cu o mul\u021bime de pove\u0219ti despre v\u00e2n\u0103toare.<br \/>\nPrintre \u201cd\u0103t\u0103torii de re\u021bete\u201d se num\u0103r\u0103, de exemplu con\u021bii Bernhard \u0219i Hans Georg Kinsky; contele imperial Gundaccar Wurmbrand-Stuppach, director de v\u00e2nz\u0103ri la Steyr-Mannlicher; prin\u021bul Louis zu Sayn-Wittgenstein-Sayn, director general al G\u00f6ssl Gwandhaus; contele Friedrich Hardegg; Hubert St\u00f6hr, produc\u0103tor de bere \u0219i director general al Brauerei Schloss Eggenberg; contele Alfons Mensdorff-Pouilly; contele Benedikt Segur-Cabanac, director general al BioTech GmbH; Christian Springer, director general al Johann Springer's Erben GmbH \u0219i al\u021bii.<br \/>\nThe <strong>Domeniul de aplicare al re\u021betelor de joc<\/strong> se \u00eentinde de la <strong>Ragout de v\u00e2nat cu ciocolat\u0103 \u0219i \u0219a de v\u00e2nat \u00een sos de bere bock, gula\u0219 de chamois Altaussee, g\u0103lu\u0219te de v\u00e2nat \u0219i tartare de v\u00e2nat, terin\u0103 de fazan, porumbei \u00eenveli\u021bi \u00een sl\u0103nin\u0103, sugo de iepure \u0219i, \u00een cele din urm\u0103, g\u0103lu\u0219te dulci de chamois<\/strong>, rachiu de nuc\u0103 \u0219i rachiu de pin elve\u021bian condimentat.<\/p>\n<h3>Autorii c\u0103r\u021bii de bucate pentru jocuri<\/h3>\n<p>Lisa Helena Lensing lucreaz\u0103 \u00een industria comunica\u021biilor \u0219i este ea \u00eens\u0103\u0219i v\u00e2n\u0103toare. Paul Lensing, arhitect de forma\u021bie, lucreaz\u0103 \u00een principal \u00een domeniul durabilit\u0103\u021bii \u0219i vede un mare poten\u021bial \u00een acest domeniu, \u00een special \u00een <strong>Jocul este m\u00e2ncarea perfect\u0103.<\/strong> Joseph Gasteiger-Rabensteiner are o tradi\u021bie familial\u0103 de v\u00e2n\u0103toare \u0219i practic\u0103 de mult timp fotografia \u00een paralel cu munca sa de zi cu zi \u00een domeniul imobiliar.<\/p>\n<h3>Mare carte de bucate - potrivit\u0103 ca un cadou pentru to\u021bi v\u00e2n\u0103torii \u0219i buc\u0103tarii amatori<\/h3>\n<p>The <strong>Carte de bucate pentru jocuri<\/strong> este <strong>Bine ilustrat \u0219i cu pove\u0219ti umoristice frumoase<\/strong> invit\u00e2nd la lectur\u0103 \u0219i la g\u0103tit. Ve\u021bi descoperi re\u021bete fantastice direct de la cei care ar trebui s\u0103 \u0219tie cel mai bine, v\u00e2n\u0103torii. <strong>A<\/strong>totu\u0219i<strong> ofer\u0103 mult mai mult dec\u00e2t simple re\u021bete.<\/strong> Anecdotele \u0219i informa\u021biile de baz\u0103 despre v\u00e2n\u0103toare fac din aceast\u0103 carte o lectur\u0103 amuzant\u0103 \u0219i informativ\u0103 pentru to\u021bi cei care doresc s\u0103 afle mai multe despre v\u00e2n\u0103toare. Cartea de bucate este cu siguran\u021b\u0103 o <strong>Ad\u0103ugare mare la re\u021betele de joc bine-cunoscute<\/strong> \u0219i este sigur c\u0103 v\u0103 va oferi pl\u0103cere!<\/p>","protected":false},"excerpt":{"rendered":"<h3>Carte de bucate: V\u00e2n\u0103torii g\u0103tesc v\u00e2nat<\/h3>\n<h4>de la 39,90<\/h4>\n<p>Pentru a cump\u0103ra de la:<\/p>\n<a href=\"https:\/\/www.amazon.de\/gp\/product\/3702013695\/ref=as_li_tl?ie=UTF8&#038;camp=1638&#038;creative=19454&#038;creativeASIN=3702013695&#038;linkCode=as2&#038;tag=optsposho-21&#038;linkId=VJEQQZ25YBVJ4BO2\" target=\"_blank\" class=\"button success is-success is-medium\" rel=\"nofollow noopener\" >\n\t\t<span>Amazon<\/span>\n\t<\/a>\n\n<a href=\"http:\/\/ad.zanox.com\/ppc\/?30283886C42456355&#038;ULP=http:\/\/www.thalia.de\/shop\/home\/suchartikel\/jaeger_kochen_wild\/lisa_lensing\/ISBN3-7020-1369-5\/ID32253324.html?fftrk=2%3A2%3A10%3A10%3A1&#038;jumpId=3946928&#038;ProvID=10911378\" target=\"_blank\" class=\"button success is-success is-medium\" rel=\"nofollow noopener\" >\n\t\t<span>THALIA GERMANIA<\/span>\n\t<\/a>\n\n<a href=\"http:\/\/ad.zanox.com\/ppc\/?30284203C81391933&#038;ULP=http:\/\/www.thalia.at\/shop\/home\/suchartikel\/jaeger_kochen_wild\/lisa_lensing\/ISBN3-7020-1369-5\/ID32253324.html?fftrk=2%3A2%3A10%3A10%3A1&#038;jumpId=12137031&#038;ProvID=10910929\" target=\"_blank\" class=\"button success is-success is-medium\" rel=\"nofollow noopener\" >\n\t\t<span>THALIA AUSTRIA<\/span>\n\t<\/a>","protected":false},"featured_media":9926,"comment_status":"open","ping_status":"closed","template":"","meta":{"inline_featured_image":false,"footnotes":""},"product_brand":[],"product_cat":[74],"product_tag":[422,425],"class_list":{"0":"post-9922","1":"product","2":"type-product","3":"status-publish","4":"has-post-thumbnail","6":"product_cat-buchtipps-buecher","7":"product_tag-buchtipp","8":"product_tag-wild-kochbuch","10":"first","11":"instock","12":"taxable","13":"shipping-taxable","14":"product-type-simple"},"bundled_by":[],"bundle_stock_status":"instock","bundle_stock_quantity":null,"bundle_virtual":false,"bundle_layout":"","bundle_add_to_cart_form_location":"","bundle_editable_in_cart":false,"bundle_sold_individually_context":"","bundle_item_grouping":"","bundle_min_size":"","bundle_max_size":"","bundle_price":[],"bundled_items":[],"bundle_sell_ids":[],"_links":{"self":[{"href":"https:\/\/ddoptics.shop\/ro\/wp-json\/wp\/v2\/product\/9922","targetHints":{"allow":["GET"]}}],"collection":[{"href":"https:\/\/ddoptics.shop\/ro\/wp-json\/wp\/v2\/product"}],"about":[{"href":"https:\/\/ddoptics.shop\/ro\/wp-json\/wp\/v2\/types\/product"}],"replies":[{"embeddable":true,"href":"https:\/\/ddoptics.shop\/ro\/wp-json\/wp\/v2\/comments?post=9922"}],"version-history":[{"count":1,"href":"https:\/\/ddoptics.shop\/ro\/wp-json\/wp\/v2\/product\/9922\/revisions"}],"predecessor-version":[{"id":29106,"href":"https:\/\/ddoptics.shop\/ro\/wp-json\/wp\/v2\/product\/9922\/revisions\/29106"}],"wp:featuredmedia":[{"embeddable":true,"href":"https:\/\/ddoptics.shop\/ro\/wp-json\/wp\/v2\/media\/9926"}],"wp:attachment":[{"href":"https:\/\/ddoptics.shop\/ro\/wp-json\/wp\/v2\/media?parent=9922"}],"wp:term":[{"taxonomy":"product_brand","embeddable":true,"href":"https:\/\/ddoptics.shop\/ro\/wp-json\/wp\/v2\/product_brand?post=9922"},{"taxonomy":"product_cat","embeddable":true,"href":"https:\/\/ddoptics.shop\/ro\/wp-json\/wp\/v2\/product_cat?post=9922"},{"taxonomy":"product_tag","embeddable":true,"href":"https:\/\/ddoptics.shop\/ro\/wp-json\/wp\/v2\/product_tag?post=9922"}],"curies":[{"name":"wp","href":"https:\/\/api.w.org\/{rel}","templated":true}]}}