{"id":9931,"date":"2016-08-29T20:55:47","date_gmt":"2016-08-29T18:55:47","guid":{"rendered":"https:\/\/beta.optik-sport-shop.at\/?post_type=product&#038;p=9931"},"modified":"2025-10-03T11:53:04","modified_gmt":"2025-10-03T09:53:04","slug":"carte-tip-reincarcare-pentru-vanatori-norbert-klups","status":"publish","type":"product","link":"https:\/\/ddoptics.shop\/ro\/kaufen\/buchtipp-wiederladen-fuer-jaeger-norbert-klups\/","title":{"rendered":"Sfat de carte: Reloading for hunters de Norbert Klups"},"content":{"rendered":"<h2>Re\u00eenc\u0103rcarea pentru v\u00e2n\u0103tori: carte despre \u00eenc\u0103rcarea muni\u021biei de v\u00e2n\u0103toare pentru v\u00e2natul mare \u0219i v\u00e2natul mare<\/h2>\n<p>\u00cen special pentru <strong>Re\u00eenc\u0103rc\u0103tor de v\u00e2n\u0103toare<\/strong> a fost scris\u0103 aceast\u0103 carte. Scopul a fost acela de a prezenta cartu\u0219ele de v\u00e2n\u0103toare f\u0103r\u0103 balast inutil \u0219i de a oferi <strong>Hunter o carte<\/strong> \u00een m\u00e2inile dumneavoastr\u0103. O carte care sintetizeaz\u0103 \u00een mod comprehensibil informa\u021biile importante pentru<strong> Re\u00eenc\u0103rcarea cartu\u0219elor de v\u00e2n\u0103toare<\/strong> sunt necesare. Norbert Klups este unul dintre cei mai cunoscu\u021bi jurnali\u0219ti specializa\u021bi \u00een echipamente de v\u00e2n\u0103toare \u0219i tehnologia armelor. Multe dintre publica\u021biile sale sunt lucr\u0103ri standard \u00een acest domeniu.<\/p>\n<h3>Concluzie asupra c\u0103r\u021bii: \u00cenc\u0103rcarea muni\u021biei de v\u00e2n\u0103toare pentru v\u00e2n\u0103toarea de v\u00e2nat mare \u0219i mare<\/h3>\n<p>The <strong>Cartea ofer\u0103 o gam\u0103 complet\u0103 de fapte<\/strong>, care corespunde <strong>\u00cencep\u0103tori \u0219i re\u00eenc\u0103rc\u0103tori experimenta\u021bi<\/strong> la fel de bine.<\/p>\n<p>Fiecare <strong>Cartu\u0219ul este dezvoltat cu expertiz\u0103 aprofundat\u0103<\/strong> \u0219i ofer\u0103 cititorului nu numai o prezentare istoric\u0103, ci \u0219i o clasificare \u00een func\u021bie de evalu\u0103rile actuale. Norbert Klups se bazeaz\u0103 pe mul\u021bi ani de experien\u021b\u0103 practic\u0103, ceea ce \u00eei permite nu numai s\u0103 analizeze <strong>cerin\u021bele privind f\u0103tarea mieilor pe v\u00e2natul din fondurile de v\u00e2n\u0103toare domestice, dar \u0219i pentru speciile de v\u00e2nat africane<\/strong> s\u0103 fie incluse.<\/p>\n<p>The <strong>Tipuri de pulbere, tipuri de gloan\u021be \u0219i greut\u0103\u021bi ale gloan\u021belor<\/strong> sunt prezentate suficient \u0219i ofer\u0103 re\u00eenc\u0103rc\u0103torului o gam\u0103 larg\u0103 care nu las\u0103 prea mult de dorit. Singurul punct critic pe care unul sau doi cititori l-ar putea ridica este c\u0103 <strong>\u00cenc\u0103rcarea datelor privind \u00eenc\u0103rc\u0103turile optime ale autorului<\/strong> \u0219i <strong>Nu exist\u0103 date privind sarcina minim\u0103 sau maxim\u0103<\/strong> fi oferite. Aproape c\u0103 nu exist\u0103 o carte comparabil\u0103 \u00een limba german\u0103 \u00een acest moment \u0219i poate fi recomandat\u0103 f\u0103r\u0103 rezerve.<\/p>","protected":false},"excerpt":{"rendered":"<h4>de la 19,95<\/h4>\n<p>Pentru a cump\u0103ra de la:<\/p>\n<a href=\"https:\/\/www.amazon.de\/gp\/product\/3788812702\/ref=as_li_tl?ie=UTF8&#038;camp=1638&#038;creative=19454&#038;creativeASIN=3788812702&#038;linkCode=as2&#038;tag=optsposho-21&#038;linkId=Y4EMIX7XE54DDSXO\" target=\"_blank\" class=\"button success is-success is-medium\" rel=\"nofollow noopener\" >\n\t\t<span>Amazon<\/span>\n\t<\/a>\n\n<a href=\"http:\/\/ad.zanox.com\/ppc\/?30283886C42456355&#038;ULP=http:\/\/www.thalia.de\/shop\/home\/suche\/;jsessionid=8B684651E84438E3C608ABB9B2D6BAAC.tc6pc?sq=Wiederladen+f%FCr+J%E4ger&#038;sswg=ANY&#038;timestamp=1423128355382&#038;ProvID=10911378\" target=\"_blank\" class=\"button success is-success is-medium\" rel=\"nofollow noopener\" >\n\t\t<span>THALIA GERMANIA<\/span>\n\t<\/a>\n\n<a href=\"http:\/\/ad.zanox.com\/ppc\/?30284203C81391933&#038;ULP=http:\/\/www.thalia.at\/shop\/home\/suche\/;jsessionid=91728E029DC6402A03A5A5C0D3B0E461.tc5p?sq=Wiederladen+f%FCr+J%E4ger&#038;sswg=ANY&#038;timestamp=1423128379272&#038;ProvID=10910929\" target=\"_blank\" class=\"button success is-success is-medium\" rel=\"nofollow noopener\" >\n\t\t<span>THALIA AUSTRIA<\/span>\n\t<\/a>","protected":false},"featured_media":9932,"comment_status":"open","ping_status":"closed","template":"","meta":{"inline_featured_image":false,"footnotes":""},"product_brand":[],"product_cat":[74],"product_tag":[422,427],"class_list":{"0":"post-9931","1":"product","2":"type-product","3":"status-publish","4":"has-post-thumbnail","6":"product_cat-buchtipps-buecher","7":"product_tag-buchtipp","8":"product_tag-wiederladen-buch","10":"first","11":"instock","12":"taxable","13":"shipping-taxable","14":"product-type-simple"},"bundled_by":[],"bundle_stock_status":"instock","bundle_stock_quantity":null,"bundle_virtual":false,"bundle_layout":"","bundle_add_to_cart_form_location":"","bundle_editable_in_cart":false,"bundle_sold_individually_context":"","bundle_item_grouping":"","bundle_min_size":"","bundle_max_size":"","bundle_price":[],"bundled_items":[],"bundle_sell_ids":[],"_links":{"self":[{"href":"https:\/\/ddoptics.shop\/ro\/wp-json\/wp\/v2\/product\/9931","targetHints":{"allow":["GET"]}}],"collection":[{"href":"https:\/\/ddoptics.shop\/ro\/wp-json\/wp\/v2\/product"}],"about":[{"href":"https:\/\/ddoptics.shop\/ro\/wp-json\/wp\/v2\/types\/product"}],"replies":[{"embeddable":true,"href":"https:\/\/ddoptics.shop\/ro\/wp-json\/wp\/v2\/comments?post=9931"}],"version-history":[{"count":1,"href":"https:\/\/ddoptics.shop\/ro\/wp-json\/wp\/v2\/product\/9931\/revisions"}],"predecessor-version":[{"id":29104,"href":"https:\/\/ddoptics.shop\/ro\/wp-json\/wp\/v2\/product\/9931\/revisions\/29104"}],"wp:featuredmedia":[{"embeddable":true,"href":"https:\/\/ddoptics.shop\/ro\/wp-json\/wp\/v2\/media\/9932"}],"wp:attachment":[{"href":"https:\/\/ddoptics.shop\/ro\/wp-json\/wp\/v2\/media?parent=9931"}],"wp:term":[{"taxonomy":"product_brand","embeddable":true,"href":"https:\/\/ddoptics.shop\/ro\/wp-json\/wp\/v2\/product_brand?post=9931"},{"taxonomy":"product_cat","embeddable":true,"href":"https:\/\/ddoptics.shop\/ro\/wp-json\/wp\/v2\/product_cat?post=9931"},{"taxonomy":"product_tag","embeddable":true,"href":"https:\/\/ddoptics.shop\/ro\/wp-json\/wp\/v2\/product_tag?post=9931"}],"curies":[{"name":"wp","href":"https:\/\/api.w.org\/{rel}","templated":true}]}}